{"id":694,"date":"2023-05-09T11:06:34","date_gmt":"2023-05-09T09:06:34","guid":{"rendered":"https:\/\/www.doctotoscope.fr\/?page_id=694"},"modified":"2023-05-11T17:26:43","modified_gmt":"2023-05-11T15:26:43","slug":"mentions-legales","status":"publish","type":"page","link":"https:\/\/doctotoscope.fr\/index.php\/mentions-legales\/","title":{"rendered":"Mentions l\u00e9gales"},"content":{"rendered":"\n<p class=\"has-text-align-justify\">Ce blog n&rsquo;accueille aucune forme de publicit\u00e9, n&rsquo;a re\u00e7u aucune subvention pour sa cr\u00e9ation et est totalement ind\u00e9pendant de l&rsquo;industrie pharmaceutique. Il est tenu par @<a href=\"https:\/\/i473ybeztf.preview.infomaniak.website\/index.php\/about\/\">Doctotoscope<\/a> elle-m\u00eame, m\u00e9decin g\u00e9n\u00e9raliste rempla\u00e7ante. <\/p>\n","protected":false},"excerpt":{"rendered":"<p>Ce blog n&rsquo;accueille aucune forme de publicit\u00e9, n&rsquo;a re\u00e7u aucune subvention pour sa cr\u00e9ation et est totalement ind\u00e9pendant de l&rsquo;industrie pharmaceutique. Il est tenu par @Doctotoscope elle-m\u00eame, m\u00e9decin g\u00e9n\u00e9raliste rempla\u00e7ante.<\/p>\n","protected":false},"author":1,"featured_media":0,"parent":0,"menu_order":0,"comment_status":"closed","ping_status":"closed","template":"","meta":{"_seopress_robots_primary_cat":"","_seopress_titles_title":"Mentions l\u00e9gales","_seopress_titles_desc":"Ce blog n&#039;accueille aucune forme de publicit\u00e9, n&#039;a re\u00e7u aucune subvention pour sa cr\u00e9ation et est totalement ind\u00e9pendant de l&#039;industrie pharmaceutique","_seopress_robots_index":"","footnotes":""},"class_list":["post-694","page","type-page","status-publish","hentry"],"_links":{"self":[{"href":"https:\/\/doctotoscope.fr\/index.php\/wp-json\/wp\/v2\/pages\/694","targetHints":{"allow":["GET"]}}],"collection":[{"href":"https:\/\/doctotoscope.fr\/index.php\/wp-json\/wp\/v2\/pages"}],"about":[{"href":"https:\/\/doctotoscope.fr\/index.php\/wp-json\/wp\/v2\/types\/page"}],"author":[{"embeddable":true,"href":"https:\/\/doctotoscope.fr\/index.php\/wp-json\/wp\/v2\/users\/1"}],"replies":[{"embeddable":true,"href":"https:\/\/doctotoscope.fr\/index.php\/wp-json\/wp\/v2\/comments?post=694"}],"version-history":[{"count":1,"href":"https:\/\/doctotoscope.fr\/index.php\/wp-json\/wp\/v2\/pages\/694\/revisions"}],"predecessor-version":[{"id":695,"href":"https:\/\/doctotoscope.fr\/index.php\/wp-json\/wp\/v2\/pages\/694\/revisions\/695"}],"wp:attachment":[{"href":"https:\/\/doctotoscope.fr\/index.php\/wp-json\/wp\/v2\/media?parent=694"}],"curies":[{"name":"wp","href":"https:\/\/api.w.org\/{rel}","templated":true}]}}