{"id":10,"date":"2020-08-24T18:36:32","date_gmt":"2020-08-24T16:36:32","guid":{"rendered":"https:\/\/doctotoscope.wordpress.com\/?page_id=9"},"modified":"2024-10-12T20:16:05","modified_gmt":"2024-10-12T18:16:05","slug":"a-propos","status":"publish","type":"page","link":"https:\/\/doctotoscope.fr\/index.php\/a-propos\/","title":{"rendered":"&#8211; A propos de l&rsquo;auteure &#8211;"},"content":{"rendered":"\t\t<div data-elementor-type=\"wp-page\" data-elementor-id=\"10\" class=\"elementor elementor-10\">\n\t\t\t\t\t\t<section class=\"elementor-section elementor-top-section elementor-element elementor-element-691f6622 elementor-section-boxed elementor-section-height-default elementor-section-height-default\" data-id=\"691f6622\" data-element_type=\"section\" data-e-type=\"section\">\n\t\t\t\t\t\t<div class=\"elementor-container elementor-column-gap-default\">\n\t\t\t\t\t<div class=\"elementor-column elementor-col-100 elementor-top-column elementor-element elementor-element-72a5d368\" data-id=\"72a5d368\" data-element_type=\"column\" data-e-type=\"column\">\n\t\t\t<div class=\"elementor-widget-wrap elementor-element-populated\">\n\t\t\t\t\t\t<div class=\"elementor-element elementor-element-6e8f73d6 elementor-widget elementor-widget-text-editor\" data-id=\"6e8f73d6\" data-element_type=\"widget\" data-e-type=\"widget\" data-widget_type=\"text-editor.default\">\n\t\t\t\t<div class=\"elementor-widget-container\">\n\t\t\t\t\t\t\t\t\t\n<div class=\"wp-block-spacer\" style=\"height: 20px;\" aria-hidden=\"true\">\u00a0<\/div>\n\n<div class=\"wp-block-group alignfull\"><div class=\"wp-block-group__inner-container is-layout-flow wp-block-group-is-layout-flow\">\n<div class=\"wp-block-jetpack-layout-grid alignfull column1-desktop-grid__span-3 column1-desktop-grid__start-2 column1-desktop-grid__row-1 column2-desktop-grid__span-6 column2-desktop-grid__start-6 column2-desktop-grid__row-1 column1-tablet-grid__span-3 column1-tablet-grid__row-1 column2-tablet-grid__span-5 column2-tablet-grid__start-4 column2-tablet-grid__row-1 column1-mobile-grid__span-4 column1-mobile-grid__row-1 column2-mobile-grid__span-4 column2-mobile-grid__row-2\">\n<div class=\"wp-block-jetpack-layout-grid-column wp-block-jetpack-layout-grid__padding-none\">\n<figure class=\"wp-block-image size-large is-style-circle-mask\"><img decoding=\"async\" class=\"wp-image-112\" src=\"https:\/\/i473ybeztf.preview.infomaniak.website\/wp-content\/uploads\/2020\/08\/118566508_352929752401411_6321431212158296497_n.jpg?w=769\" alt=\"\" \/>\n<figcaption class=\"wp-element-caption\"><em>Ne faites pas attention \u00e0 mes cernes de raton-laveur, j\u2019\u00e9tais de garde ce jour-l\u00e0.<\/em><\/figcaption>\n<\/figure>\n<\/div>\n\n<div class=\"wp-block-jetpack-layout-grid-column wp-block-jetpack-layout-grid__padding-none\">\n<h2 class=\"wp-block-heading has-text-align-center\"><em>Attention : humour corrosif, manipuler avec pr\u00e9caution.<\/em><\/h2>\n\n<p class=\"has-text-align-justify\" style=\"text-align: center;\">M\u00e9decin G\u00e9n\u00e9raliste (personne n&rsquo;est parfait), j&rsquo;aime marcher en dehors des sentiers battus. Je suis passionn\u00e9e par le fonctionnement de la psych\u00e9e humaine, \u00e9galement lectrice compulsive, un peu \u00e9colo et beaucoup f\u00e9ministe. J&rsquo;aime poser des questions et farfouiller un peu partout.<\/p>\n\n<p class=\"has-text-align-justify\" style=\"text-align: center;\">Je fais aussi tr\u00e8s bien les cr\u00eapes, la plante verte et les enfants m\u2019adorent. Je suis souvent accompagn\u00e9e par mon chien, Shiva la sharpei et Had\u00e8s le chat.<\/p>\n\n<p class=\"has-text-align-justify\" style=\"text-align: center;\">Vous pouvez venir me lire et \u00e9changer\u00a0<a href=\"https:\/\/twitter.com\/DocTotoscope\">ici<\/a>\u00a0aussi.<\/p>\n<\/div>\n<\/div>\n<\/div><\/div>\n\t\t\t\t\t\t\t\t<\/div>\n\t\t\t\t<\/div>\n\t\t\t\t\t<\/div>\n\t\t<\/div>\n\t\t\t\t\t<\/div>\n\t\t<\/section>\n\t\t\t\t<\/div>\n\t\t","protected":false},"excerpt":{"rendered":"<p>Attention : humour corrosif, manipuler avec pr\u00e9caution. M\u00e9decin G\u00e9n\u00e9raliste (personne n&rsquo;est parfait), j&rsquo;aime marcher en dehors des sentiers battus. Je suis passionn\u00e9e par le fonctionnement de la psych\u00e9e humaine, \u00e9galement lectrice compulsive, un peu \u00e9colo et beaucoup f\u00e9ministe. J&rsquo;aime poser des questions et farfouiller un peu partout. Je fais aussi tr\u00e8s bien les cr\u00eapes, la plante verte et les enfants m\u2019adorent. Je suis souvent accompagn\u00e9e par mon chien, Shiva la sharpei et Had\u00e8s le chat. Vous pouvez venir me lire et \u00e9changer\u00a0ici\u00a0aussi.<\/p>\n","protected":false},"author":1,"featured_media":0,"parent":0,"menu_order":0,"comment_status":"closed","ping_status":"closed","template":"","meta":{"_seopress_robots_primary_cat":"","_seopress_titles_title":"A propos de l&#039;auteure","_seopress_titles_desc":"Interne de M\u00e9decine G\u00e9n\u00e9rale (personne n&#039;est parfait), j&#039;aime marcher en dehors des sentiers battus. ","_seopress_robots_index":"","footnotes":""},"class_list":["post-10","page","type-page","status-publish","hentry"],"_links":{"self":[{"href":"https:\/\/doctotoscope.fr\/index.php\/wp-json\/wp\/v2\/pages\/10","targetHints":{"allow":["GET"]}}],"collection":[{"href":"https:\/\/doctotoscope.fr\/index.php\/wp-json\/wp\/v2\/pages"}],"about":[{"href":"https:\/\/doctotoscope.fr\/index.php\/wp-json\/wp\/v2\/types\/page"}],"author":[{"embeddable":true,"href":"https:\/\/doctotoscope.fr\/index.php\/wp-json\/wp\/v2\/users\/1"}],"replies":[{"embeddable":true,"href":"https:\/\/doctotoscope.fr\/index.php\/wp-json\/wp\/v2\/comments?post=10"}],"version-history":[{"count":23,"href":"https:\/\/doctotoscope.fr\/index.php\/wp-json\/wp\/v2\/pages\/10\/revisions"}],"predecessor-version":[{"id":974,"href":"https:\/\/doctotoscope.fr\/index.php\/wp-json\/wp\/v2\/pages\/10\/revisions\/974"}],"wp:attachment":[{"href":"https:\/\/doctotoscope.fr\/index.php\/wp-json\/wp\/v2\/media?parent=10"}],"curies":[{"name":"wp","href":"https:\/\/api.w.org\/{rel}","templated":true}]}}